{"id":9,"date":"2025-04-26T16:25:43","date_gmt":"2025-04-26T14:25:43","guid":{"rendered":"https:\/\/shop.grigliamo.ch\/?page_id=9"},"modified":"2025-04-26T16:34:48","modified_gmt":"2025-04-26T14:34:48","slug":"bedingungen-und-konditionen","status":"publish","type":"page","link":"https:\/\/www.lasalumeria.ch\/de\/termini-e-condizioni\/","title":{"rendered":"Verkaufsbedingungen und Konditionen"},"content":{"rendered":"<p>[et_pb_section fb_built=&#8221;1&#8243; _builder_version=&#8221;4.16&#8243; global_colors_info=&#8221;{}&#8221;][et_pb_row _builder_version=&#8221;4.16&#8243; background_size=&#8221;initial&#8221; background_position=&#8221;top_left&#8221; background_repeat=&#8221;repeat&#8221; global_colors_info=&#8221;{}&#8221;][et_pb_column type=&#8221;4_4&#8243; _builder_version=&#8221;4.16&#8243; custom_padding=&#8221;|||&#8221; global_colors_info=&#8221;{}&#8221; custom_padding__hover=&#8221;|||&#8221;][et_pb_text _builder_version=&#8221;4.27.4&#8243; background_size=&#8221;initial&#8221; background_position=&#8221;top_left&#8221; background_repeat=&#8221;repeat&#8221; hover_enabled=&#8221;0&#8243; global_colors_info=&#8221;{}&#8221; sticky_enabled=&#8221;0&#8243;]<\/p>\n<h2><!-- divi:paragraph -->Termini e Condizioni di Vendita<\/h2>\n<h3><\/h3>\n<h3><\/h3>\n<h3>Assistenza Clienti<\/h3>\n<p>Per qualsiasi info, pre e post vendita, siamo disponibili tramite:<br \/>\u2013 telefono: 091\/870 14 88<br \/>\u2013 email: info@lasalumeria.ch<br \/>\u2013 form di contatto presente sul sito<a href=\"http:\/\/www.lasalumeria.ch\"><\/a><\/p>\n<p>&nbsp;<\/p>\n<h3>Prezzi e Spedizione<\/h3>\n<p>Tutti i prezzi esposti sono espressi in Franchi Svizzeri (CHF), si intendono IVA inclusa e sono al netto di spese di trasporto e di eventuali sconti dovuti a codici promozionali.<br \/>La Salumeria si riserva il diritto di modificare in ogni momento i prezzi e le spese di spedizione e di annullare un ordine in caso di errore nel sistema di calcolo o nei dati.<br \/>I prezzi applicabili per i prodotti ordinati sono quelli che risultano sul sito LaSalumeria alla data di trasmissione dell&#8217;ordine.<br \/>LaSalumeria effettua spedizioni esclusivamente in Svizzera e Liechtenstein pertanto ogni ordine con destinazione estera non sar\u00e0 accettato dal sistema.<br \/>Le spese di spedizione saranno visualizzate al momento del checkout.<\/p>\n<p>&nbsp;<\/p>\n<h3>Gestione degli Ordini<\/h3>\n<p>Tutti gli articoli presenti nel sistema sono ordinabili e disponibili.<br \/>Una volta ricevuto l\u2019ordine, LaSalumeria proceder\u00e0 ad evaderlo nel pi\u00f9 breve tempo possibile, entro 1\/2 giorni lavorativi.<br \/>Al momento della ricezione dell\u2019ordine, a conclusione del processo di pagamento, il contratto di acquisto si riterr\u00e0 concluso ed il cliente ricever\u00e0 una mail di conferma, con relativa presa in carico da parte de LaSalumeria.<br \/>La mail conterr\u00e0 la ricapitolazione dei prodotti ordinati, il loro prezzo unitario e l\u2019importo totale pagato.<\/p>\n<h4><\/h4>\n<h4>PEZZATURE E PESI DEI PRODOTTI ACQUISTATI<\/h4>\n<p>LaSalumeria propone solo prodotti realizzati artigianalmente e pertanto il peso netto di ogni prodotto (Affetta tu, Affettati per te, Mix Ticinese, Pronti da cuocere) pu\u00f2 variare rispetto al peso indicato nella conferma d\u2019ordine.<br \/>Per offrire sempre un servizio unico e di qualit\u00e0 ai nostri Clienti, LaSalumeria fornir\u00e0 sempre quantitativi uguali o superiori alle quantit\u00e0 riportate sul sito web, sulla scheda del prodotto e sulla conferma d\u2019ordine.<\/p>\n<h4><\/h4>\n<h4>DIRITTO DI RECESSO<\/h4>\n<p>I clienti che confermano un ordine dal nostro sito hanno il diritto di recedere dall\u2019acquisto comunicando questa intenzione prima della spedizione della merce tramite mail (info@lasalumeria.ch) o telefono (091\/870 14 88) senza che occorra giustificarne le ragioni.<br \/>LaSalumeria proceder\u00e0 immediatamente all\u2019annullamento dell\u2019ordine e al conseguente rimborso al Cliente.<br \/>Nel caso in cui i prodotti siano gi\u00e0 stati spediti non potremo accettare l\u2019annullamento dell\u2019ordine.<br \/>Il cliente, di conseguenza, ha l\u2019onere di valutare la tipologia e la quantit\u00e0 dei prodotti prima di confermare l\u2019ordine d\u2019acquisto.<\/p>\n<h4><\/h4>\n<h4>RECLAMI<\/h4>\n<p>Eventuali reclami vanno effettuati entro 7 giorni dal ricevimento della merce mandando una mail (info@lasalumeria.ch), indicando il numero di ordine ricevuto alla conferma ed il motivo del reclamo.<br \/>Il nostro personale verificher\u00e0 direttamente le motivazioni e vi fornir\u00e0 tutte le indicazioni per l\u2019eventuale reso dei prodotti che dovranno essere in perfetto stato di conservazione e presentare l\u2019involucro e l\u2019imballo originale.<br \/>La merce sar\u00e0 rimborsata previa verifica dello stato dei prodotti, al netto delle spese di trasporto che saranno a carico del cliente.<\/p>\n<p>&nbsp;<\/p>\n<h3>Pagamenti<\/h3>\n<p>Il Cliente potr\u00e0 effettuare il pagamento del prezzo dei Prodotti e delle eventuali spese di consegna in maniera del tutto sicura tramite Carte di Credito (Mastercard, Visa) e carte di debito.<br \/>Tutti i pagamenti vengono gestiti e garantiti direttamente dai circuiti di pagamento (Stripe).<br \/>Nessuna informazione relativa alle carte di credito\/debito utilizzate risiede quindi presso LaSalumeria.<\/p>\n<p>&nbsp;<\/p>\n<h3>Spedizioni<\/h3>\n<p>Tutti gli acquisti verranno consegnati a mezzo corriere espresso o tramite SwissPost.<br \/>La spedizione avviene entro 2 giorni lavorativi dalla ricezione dell\u2019ordine.<br \/>Tutti i prodotti vengono preparati e imballati per la spedizione con cura e con attenzione.<br \/>Spediamo dal lunedi al giovedi, esclusi festivi e feste nazionali, per evitare che i prodotti passino il weekend nei magazzini del corriere.<br \/>LaSalumeria non \u00e8 responsabile per ritardi, disservizi o mancate consegne da parte del Corriere.<br \/>Una volta effettuata la spedizione il Cliente ricever\u00e0 una mail di conferma e, se regolarmente registrato nel portale, potr\u00e0 verificare lo stato dell\u2019ordine nell\u2019Area Riservata.<br \/>Al ricevimento della merce il cliente ha l\u2019onere di verificare l\u2019integrit\u00e0 del pacco che non deve essere rotto, danneggiato o bagnato<br \/>Eventuali contestazioni devono essere immediatamente sollevate al corriere, in mancanza di queste, il prodotto si considera consegnato correttamente.<br \/>Nel caso in cui ci sia un visibile ed evidente danno al pacco si consiglia di respingere la merce, fare una fotografia del collo e scrivere immediatamente a LaSalumeria (info@lasalumeria.ch).<br \/>Nel caso in cui il cliente inserisca un indirizzo di spedizione errato o incompleto e quindi la merce non possa essere consegnata al destinatario a causa di questo errore, eventuali spese di giacenza o spese che il corriere addebiter\u00e0 in merito, saranno a carico del cliente.<\/p>\n<p>&nbsp;<\/p>\n<h3>Vendita Alcolici<\/h3>\n<p>Al momento dell\u2019ordine, nel caso in cui la selezione effettuata preveda l\u2019acquisto in abbinamento a bevande alcoliche, il cliente deve dichiarare di essere maggiorenne inserendo al CkeckOut la propria data di nascita, quale conferma dell\u2019et\u00e0 legale.<br \/>LaSalumeria non vende alcolici a minori di 18 anni.<\/p>\n<p>&nbsp;<\/p>\n<h3>Foro Competente<\/h3>\n<p>Si applicano le disposizioni del Codice delle Obbligazioni Svizzero.<br \/>Il Foro competente \u00e8 quello di Bellinzona.<\/p>\n<p><!-- \/divi:paragraph --><\/p>\n<p>[\/et_pb_text][\/et_pb_column][\/et_pb_row][\/et_pb_section]<\/p>\n","protected":false},"excerpt":{"rendered":"<p>Termini e Condizioni di Vendita Assistenza Clienti Per qualsiasi info, pre e post vendita, siamo disponibili tramite:\u2013 telefono: 091\/870 14 88\u2013 email: info@lasalumeria.ch\u2013 form di contatto presente sul sito &nbsp; Prezzi e Spedizione Tutti i prezzi esposti sono espressi in Franchi Svizzeri (CHF), si intendono IVA inclusa e sono al netto di spese di trasporto [&hellip;]<\/p>\n","protected":false},"author":1,"featured_media":0,"parent":0,"menu_order":0,"comment_status":"closed","ping_status":"closed","template":"","meta":{"_et_pb_use_builder":"on","_et_pb_old_content":"<!-- wp:paragraph -->\n<p><b>This is a sample page.<\/b><\/p>\n<!-- \/wp:paragraph -->\n\n<!-- wp:heading -->\n<h2 class=\"wp-block-heading\">Overview<\/h2>\n<!-- \/wp:heading -->\n\n<!-- wp:paragraph -->\n<p>Our refund and returns policy lasts 30 days. If 30 days have passed since your purchase, we can\u2019t offer you a full refund or exchange.<\/p>\n<!-- \/wp:paragraph -->\n\n<!-- wp:paragraph -->\n<p>To be eligible for a return, your item must be unused and in the same condition that you received it. It must also be in the original packaging.<\/p>\n<!-- \/wp:paragraph -->\n\n<!-- wp:paragraph -->\n<p>Several types of goods are exempt from being returned. Perishable goods such as food, flowers, newspapers or magazines cannot be returned. We also do not accept products that are intimate or sanitary goods, hazardous materials, or flammable liquids or gases.<\/p>\n<!-- \/wp:paragraph -->\n\n<!-- wp:paragraph -->\n<p>Additional non-returnable items:<\/p>\n<!-- \/wp:paragraph -->\n\n<!-- wp:list -->\n<ul>\n<li>Gift cards<\/li>\n<li>Downloadable software products<\/li>\n<li>Some health and personal care items<\/li>\n<\/ul>\n<!-- \/wp:list -->\n\n<!-- wp:paragraph -->\n<p>To complete your return, we require a receipt or proof of purchase.<\/p>\n<!-- \/wp:paragraph -->\n\n<!-- wp:paragraph -->\n<p>Please do not send your purchase back to the manufacturer.<\/p>\n<!-- \/wp:paragraph -->\n\n<!-- wp:paragraph -->\n<p>There are certain situations where only partial refunds are granted:<\/p>\n<!-- \/wp:paragraph -->\n\n<!-- wp:list -->\n<ul>\n<li>Book with obvious signs of use<\/li>\n<li>CD, DVD, VHS tape, software, video game, cassette tape, or vinyl record that has been opened.<\/li>\n<li>Any item not in its original condition, is damaged or missing parts for reasons not due to our error.<\/li>\n<li>Any item that is returned more than 30 days after delivery<\/li>\n<\/ul>\n<!-- \/wp:list -->\n\n<!-- wp:paragraph -->\n<h2>Refunds<\/h2>\n<!-- \/wp:paragraph -->\n\n<!-- wp:paragraph -->\n<p>Once your return is received and inspected, we will send you an email to notify you that we have received your returned item. We will also notify you of the approval or rejection of your refund.<\/p>\n<!-- \/wp:paragraph -->\n\n<!-- wp:paragraph -->\n<p>If you are approved, then your refund will be processed, and a credit will automatically be applied to your credit card or original method of payment, within a certain amount of days.<\/p>\n<!-- \/wp:paragraph -->\n\n<!-- wp:heading -->\n<h3 class=\"wp-block-heading\">Late or missing refunds<\/h3>\n<!-- \/wp:heading -->\n\n<!-- wp:paragraph -->\n<p>If you haven\u2019t received a refund yet, first check your bank account again.<\/p>\n<!-- \/wp:paragraph -->\n\n<!-- wp:paragraph -->\n<p>Then contact your credit card company, it may take some time before your refund is officially posted.<\/p>\n<!-- \/wp:paragraph -->\n\n<!-- wp:paragraph -->\n<p>Next contact your bank. There is often some processing time before a refund is posted.<\/p>\n<!-- \/wp:paragraph -->\n\n<!-- wp:paragraph -->\n<p>If you\u2019ve done all of this and you still have not received your refund yet, please contact us at {email address}.<\/p>\n<!-- \/wp:paragraph -->\n\n<!-- wp:heading -->\n<h3 class=\"wp-block-heading\">Sale items<\/h3>\n<!-- \/wp:heading -->\n\n<!-- wp:paragraph -->\n<p>Only regular priced items may be refunded. Sale items cannot be refunded.<\/p>\n<!-- \/wp:paragraph -->\n\n<!-- wp:paragraph -->\n<h2>Exchanges<\/h2>\n<!-- \/wp:paragraph -->\n\n<!-- wp:paragraph -->\n<p>We only replace items if they are defective or damaged. If you need to exchange it for the same item, send us an email at {email address} and send your item to: {physical address}.<\/p>\n<!-- \/wp:paragraph -->\n\n<!-- wp:paragraph -->\n<h2>Gifts<\/h2>\n<!-- \/wp:paragraph -->\n\n<!-- wp:paragraph -->\n<p>If the item was marked as a gift when purchased and shipped directly to you, you\u2019ll receive a gift credit for the value of your return. Once the returned item is received, a gift certificate will be mailed to you.<\/p>\n<!-- \/wp:paragraph -->\n\n<!-- wp:paragraph -->\n<p>If the item wasn\u2019t marked as a gift when purchased, or the gift giver had the order shipped to themselves to give to you later, we will send a refund to the gift giver and they will find out about your return.<\/p>\n<!-- \/wp:paragraph -->\n\n<!-- wp:paragraph -->\n<h2>Shipping returns<\/h2>\n<!-- \/wp:paragraph -->\n\n<!-- wp:paragraph -->\n<p>To return your product, you should mail your product to: {physical address}.<\/p>\n<!-- \/wp:paragraph -->\n\n<!-- wp:paragraph -->\n<p>You will be responsible for paying for your own shipping costs for returning your item. Shipping costs are non-refundable. If you receive a refund, the cost of return shipping will be deducted from your refund.<\/p>\n<!-- \/wp:paragraph -->\n\n<!-- wp:paragraph -->\n<p>Depending on where you live, the time it may take for your exchanged product to reach you may vary.<\/p>\n<!-- \/wp:paragraph -->\n\n<!-- wp:paragraph -->\n<p>If you are returning more expensive items, you may consider using a trackable shipping service or purchasing shipping insurance. We don\u2019t guarantee that we will receive your returned item.<\/p>\n<!-- \/wp:paragraph -->\n\n<!-- wp:paragraph -->\n<h2>Need help?<\/h2>\n<!-- \/wp:paragraph -->\n\n<!-- wp:paragraph -->\n<p>Contact us at {email} for questions related to refunds and returns.<\/p>\n<!-- \/wp:paragraph -->","_et_gb_content_width":"","footnotes":""},"class_list":["post-9","page","type-page","status-publish","hentry"],"_links":{"self":[{"href":"https:\/\/www.lasalumeria.ch\/de\/wp-json\/wp\/v2\/pages\/9","targetHints":{"allow":["GET"]}}],"collection":[{"href":"https:\/\/www.lasalumeria.ch\/de\/wp-json\/wp\/v2\/pages"}],"about":[{"href":"https:\/\/www.lasalumeria.ch\/de\/wp-json\/wp\/v2\/types\/page"}],"author":[{"embeddable":true,"href":"https:\/\/www.lasalumeria.ch\/de\/wp-json\/wp\/v2\/users\/1"}],"replies":[{"embeddable":true,"href":"https:\/\/www.lasalumeria.ch\/de\/wp-json\/wp\/v2\/comments?post=9"}],"version-history":[{"count":9,"href":"https:\/\/www.lasalumeria.ch\/de\/wp-json\/wp\/v2\/pages\/9\/revisions"}],"predecessor-version":[{"id":100026,"href":"https:\/\/www.lasalumeria.ch\/de\/wp-json\/wp\/v2\/pages\/9\/revisions\/100026"}],"wp:attachment":[{"href":"https:\/\/www.lasalumeria.ch\/de\/wp-json\/wp\/v2\/media?parent=9"}],"curies":[{"name":"wp","href":"https:\/\/api.w.org\/{rel}","templated":true}]}}