{"id":100027,"date":"2025-04-26T16:36:50","date_gmt":"2025-04-26T14:36:50","guid":{"rendered":"https:\/\/shop.lasalumeria.ch\/?page_id=100027"},"modified":"2025-05-10T18:06:07","modified_gmt":"2025-05-10T16:06:07","slug":"politique-en-matiere-de-cookies-et-de-protection-de-la-vie-privee","status":"publish","type":"page","link":"https:\/\/www.lasalumeria.ch\/fr\/cookie-policy-e-informativa-sulla-privacy\/","title":{"rendered":"Politique en mati\u00e8re de cookies et de protection de la vie priv\u00e9e"},"content":{"rendered":"<p>[et_pb_section fb_built=&#8221;1&#8243; _builder_version=&#8221;4.27.4&#8243; _module_preset=&#8221;default&#8221; global_colors_info=&#8221;{}&#8221;][et_pb_row _builder_version=&#8221;4.27.4&#8243; _module_preset=&#8221;default&#8221; global_colors_info=&#8221;{}&#8221;][et_pb_column type=&#8221;4_4&#8243; _builder_version=&#8221;4.27.4&#8243; _module_preset=&#8221;default&#8221; global_colors_info=&#8221;{}&#8221;][et_pb_text _builder_version=&#8221;4.27.4&#8243; _module_preset=&#8221;default&#8221; global_colors_info=&#8221;{}&#8221;]<\/p>\n<h2>Cookie Policy e\u00a0Informativa sulla Privacy<\/h2>\n<p>Data di entrata in vigore: 28.06.2023<br \/>Ultimo aggiornamento: 10.05.2025<\/p>\n<p>La presente Informativa sulla privacy spiega le politiche di Macelleria Cavargna sulla raccolta e l&#8217;uso delle informazioni che raccogliamo quando accedi a https:\/\/lasalumeria.ch (il &#8220;Servizio&#8221;).<br \/>La presente Informativa sulla privacy descrive i tuoi diritti e in che maniera sei protetto dalle leggi sulla privacy.<\/p>\n<p>Utilizzando il nostro Servizio, acconsenti alla raccolta e all&#8217;utilizzo delle tue informazioni in conformit\u00e0 con la presente Informativa sulla privacy. Ti preghiamo di non accedere o utilizzare il nostro Servizio se non acconsenti alla raccolta e all&#8217;utilizzo delle informazioni come indicato nella presente Informativa sulla privacy. La presente Informativa sulla privacy \u00e8 stata creata con l&#8217;aiuto del Generatore di informative sulla privacy di CookieScript.<\/p>\n<p>Macelleria Cavargna \u00e8 autorizzata a modificare la presente Informativa sulla privacy in qualsiasi momento. Questo pu\u00f2 avvenire senza preavviso. Macelleria Cavargna pubblicher\u00e0 l&#8217;Informativa sulla privacy modificata sul sito web <a href=\"https:\/\/lasalumeria.ch\" target=\"_blank\" rel=\"noopener\">https:\/\/lasalumeria.ch <\/a>.<\/p>\n<p>&nbsp;<\/p>\n<h3>Prezzi e spese di Spedizione<\/h3>\n<p>Tutti i prezzi esposti sono espressi in Franchi Svizzeri (CHF), si intendono IVA inclusa e sono al netto di spese di trasporto e di eventuali sconti dovuti a codici promozionali.<br \/>La Salumeria si riserva il diritto di modificare in ogni momento i prezzi e le spese di spedizione e di annullare un ordine in caso di errore nel sistema di calcolo o nei dati.<br \/>I prezzi applicabili per i prodotti ordinati sono quelli che risultano sul sito LaSalumeria alla data di trasmissione dell&#8217;ordine.<br \/>LaSalumeria effettua spedizioni esclusivamente in Svizzera e Liechtenstein pertanto ogni ordine con destinazione estera non sar\u00e0 accettato dal sistema. Raccolta e utilizzo delle Informazioni Personali<\/p>\n<p>&nbsp;<\/p>\n<h3>INFORMAZIONI RACCOLTE<\/h3>\n<p>Quando utilizzi il nostro Servizio, ti verr\u00e0 richiesto di fornirci delle informazioni personali utilizzate per evadere il tuo ordine, contattarti o identificarti. https:\/\/lasalumeria.ch raccoglie le seguenti informazioni:<\/p>\n<p>* Dati di utilizzo<br \/>* Nome<br \/>* E-mail<br \/>* Numero di cellulare<br \/>* Indirizzo di lavoro<br \/>* Indirizzo di casa<\/p>\n<p>I dati di utilizzo includono quanto segue:<br \/>* Indirizzo Protocollo Internet (IP) dei computer che accedono al sito<br \/>* Richieste di pagine web<br \/>* Pagine web di riferimento<br \/>* Browser utilizzato per accedere al sito<br \/>* Ora e data di accesso<\/p>\n<p>&nbsp;<\/p>\n<h3>COME RACCOGLIAMO LE INFORMAZIONI<\/h3>\n<p>https:\/\/lasalumeria.ch raccoglie e riceve informazioni da parte tua nelle seguenti modalit\u00e0:<\/p>\n<p>* Quando compili un modulo di registrazione o invii le tue informazioni personali in altro modo.<\/p>\n<p>Le tue informazioni saranno conservate per un massimo di 365 giorni dopo la chiusura del tuo account. Le tue informazioni possono essere conservate per periodi pi\u00f9 lunghi per il reporting o per scopi di registrazione in conformit\u00e0 con le leggi applicabili. Le informazioni che non ti identificano personalmente possono essere conservate a tempo indeterminato.<\/p>\n<p>&nbsp;<\/p>\n<h3>COME USIAMO LE TUE INFORMAZIONI<\/h3>\n<p>https:\/\/lasalumeria.ch pu\u00f2 utilizzare le tue informazioni per i seguenti scopi:<\/p>\n<p>* Fornire e mantenere il nostro Servizio, cos\u00ec come monitorare l&#8217;utilizzo del nostro Servizio.<br \/>* Per altri scopi. Macelleria Cavargna user\u00e0 le tue informazioni per l&#8217;analisi dei dati per identificare le tendenze di utilizzo o determinare l&#8217;efficacia delle nostre campagne di marketing, quando ragionevole. Useremo le tue informazioni per valutare e migliorare il nostro Servizio, i prodotti, i servizi e le attivit\u00e0 di marketing.<br \/>* Gestire il tuo account. I tuoi dati personali possono consentire l&#8217;accesso a molteplici funzioni del nostro Servizio che sono disponibili per gli utenti registrati.<br \/>* Per l&#8217;esecuzione di un contratto. I tuoi dati personali saranno impiegati nello sviluppo, nell&#8217;esecuzione e nell&#8217;adempimento di un contratto di acquisto di prodotti o servizi che hai acquistato attraverso il nostro Servizio.<br \/>* Per aggiornarti con notizie, informazioni generali, offerte speciali, nuovi servizi ed eventi.<br \/>* Marketing e iniziative promozionali. Macelleria Cavargna utilizzer\u00e0 le informazioni non specifiche raccolte per migliorare le nostre iniziative di marketing.<br \/>* Pubblicit\u00e0 mirata. I tuoi dati personali saranno utilizzati per migliorare le iniziative pubblicitarie che sono rilevanti per i tuoi interessi specifici.<br \/>* Gestione degli ordini dei clienti. Il tuo indirizzo e-mail, numero di telefono, profili dei social media e altre informazioni dell&#8217;account utente saranno utilizzati per gestire gli ordini effettuati attraverso il nostro Servizio.<br \/>* Raccolta di testimonianze e feedback dei clienti. Se condividi una testimonianza o una recensione sulla tua esperienza utilizzando il nostro Servizio, questa sar\u00e0 condivisa o utilizzata in altro modo sul sito web.<\/p>\n<p>&nbsp;<\/p>\n<h3>Condivisione con terze parti<\/h3>\n<p>Le tue informazioni possono essere condivise con una terza parte per ragioni che includono:<\/p>\n<p>* Servizi di elaborazione e recupero dei pagamenti. Le tue informazioni saranno utilizzate per elaborare i pagamenti in caso di acquisto, rimborso o altre richieste simili.<br \/>* Payment processing services (Stripe)<\/p>\n<p>Se scegli di fornire tali informazioni durante la registrazione o in altro modo, stai dando a Macelleria Cavargna il permesso di utilizzare, condividere e memorizzare tali informazioni in conformit\u00e0 con questa Informativa sulla privacy.<\/p>\n<p>Le tue informazioni possono essere divulgate per altri motivi, tra cui:<br \/>* Conformit\u00e0 con le normative, i regolamenti o le ingiunzioni applicabili.<br \/>* Risposta a reclami sul tuo uso del nostro Servizio violando diritti di terzi.<br \/>* Rispetto degli accordi stipulati con noi, compresa la presente Informativa sulla privacy.<\/p>\n<p>&nbsp;<\/p>\n<h3>Cookie<\/h3>\n<p>I cookie sono piccoli file di testo che vengono collocati sul tuo computer dai siti web che visiti. I siti web utilizzano i cookie per aiutare gli utenti a navigare in modo efficiente ed eseguire determinate funzioni. I cookie che sono necessari per il corretto funzionamento del sito web possono essere impostati senza il tuo permesso. Tutti gli altri cookie devono essere approvati prima di essere impostati nel browser.<\/p>\n<p>* Cookie strettamente necessari. I cookie strettamente necessari consentono le funzionalit\u00e0 principali del sito web come l&#8217;accesso dell&#8217;utente e la gestione dell&#8217;account. Il sito web non pu\u00f2 essere utilizzato correttamente senza i cookie strettamente necessari.<br \/>* Cookie di performance. I cookie di performance vengono utilizzati per vedere come i visitatori utilizzano il sito web, ad esempio con i cookie analitici. Questi cookie non possono essere utilizzati per identificare direttamente un determinato visitatore.<br \/>* Cookie di targeting. I cookie di targeting vengono utilizzati per identificare i visitatori tra diversi siti web, ad esempio partner di contenuti, reti di banner. Questi cookie possono essere utilizzati dalle aziende per creare un profilo degli interessi dei visitatori o mostrare annunci pertinenti su altri siti web.<br \/>* Cookie di funzionalit\u00e0. I cookie di funzionalit\u00e0 vengono utilizzati per ricordare le informazioni del visitatore sul sito web, ad esempio lingua, fuso orario e contenuto avanzato.<\/p>\n<p>&nbsp;<\/p>\n<h3>Sicurezza<\/h3>\n<p>La sicurezza delle tue informazioni \u00e8 importante per noi. https:\/\/lasalumeria.ch utilizza una serie di misure di sicurezza per prevenire l&#8217;uso improprio, la perdita o l&#8217;alterazione delle informazioni che ci hai fornito. Tuttavia, poich\u00e9 non possiamo garantire la sicurezza delle informazioni che ci fornisci, stai eseguendo l&#8217;accesso al nostro servizio a tuo rischio e pericolo.<\/p>\n<p>Macelleria Cavargna non \u00e8 responsabile delle prestazioni dei siti web gestiti da terzi o delle tue interazioni con essi. Quando abbandoni questo sito web, ti consigliamo di rivedere le pratiche in materia di privacy degli altri siti web con cui interagisci e determinare l&#8217;adeguatezza di tali pratiche.<\/p>\n<p>&nbsp;<\/p>\n<h3>Contatti<\/h3>\n<p>Per qualsiasi domanda, puoi contattarci attraverso i seguenti canali:<\/p>\n<p>Macelleria Cavargna<br \/>Via Campagnora 2<br \/>6713 Malvaglia<\/p>\n<p>info@lasalumeria.ch<\/p>\n<p>Telefono: +41 91 870 14 88<\/p>\n<p>[\/et_pb_text][\/et_pb_column][\/et_pb_row][\/et_pb_section]<\/p>\n","protected":false},"excerpt":{"rendered":"<p>Cookie Policy e\u00a0Informativa sulla Privacy Data di entrata in vigore: 28.06.2023Ultimo aggiornamento: 10.05.2025 La presente Informativa sulla privacy spiega le politiche di Macelleria Cavargna sulla raccolta e l&#8217;uso delle informazioni che raccogliamo quando accedi a https:\/\/lasalumeria.ch (il &#8220;Servizio&#8221;).La presente Informativa sulla privacy descrive i tuoi diritti e in che maniera sei protetto dalle leggi sulla [&hellip;]<\/p>\n","protected":false},"author":1,"featured_media":0,"parent":0,"menu_order":0,"comment_status":"closed","ping_status":"closed","template":"","meta":{"_et_pb_use_builder":"on","_et_pb_old_content":"","_et_gb_content_width":"","footnotes":""},"class_list":["post-100027","page","type-page","status-publish","hentry"],"_links":{"self":[{"href":"https:\/\/www.lasalumeria.ch\/fr\/wp-json\/wp\/v2\/pages\/100027","targetHints":{"allow":["GET"]}}],"collection":[{"href":"https:\/\/www.lasalumeria.ch\/fr\/wp-json\/wp\/v2\/pages"}],"about":[{"href":"https:\/\/www.lasalumeria.ch\/fr\/wp-json\/wp\/v2\/types\/page"}],"author":[{"embeddable":true,"href":"https:\/\/www.lasalumeria.ch\/fr\/wp-json\/wp\/v2\/users\/1"}],"replies":[{"embeddable":true,"href":"https:\/\/www.lasalumeria.ch\/fr\/wp-json\/wp\/v2\/comments?post=100027"}],"version-history":[{"count":6,"href":"https:\/\/www.lasalumeria.ch\/fr\/wp-json\/wp\/v2\/pages\/100027\/revisions"}],"predecessor-version":[{"id":100155,"href":"https:\/\/www.lasalumeria.ch\/fr\/wp-json\/wp\/v2\/pages\/100027\/revisions\/100155"}],"wp:attachment":[{"href":"https:\/\/www.lasalumeria.ch\/fr\/wp-json\/wp\/v2\/media?parent=100027"}],"curies":[{"name":"wp","href":"https:\/\/api.w.org\/{rel}","templated":true}]}}