{"id":101,"date":"2025-02-22T15:29:11","date_gmt":"2025-02-22T13:29:11","guid":{"rendered":"https:\/\/shop.grigliamo.ch\/?product=codegotto-400gr"},"modified":"2025-05-10T21:38:03","modified_gmt":"2025-05-10T19:38:03","slug":"codegotto-400gr","status":"publish","type":"product","link":"https:\/\/www.lasalumeria.ch\/fr\/prodotto\/codegotto-400gr\/","title":{"rendered":"CODEGOTTO - 400g"},"content":{"rendered":"<div class=\"s_allow_columns o_container_small\">\n<p>Nous utilisons la viande obtenue \u00e0 partir des parures des poitrines et des t\u00eates de porc.<\/p>\n<p>Avec le bon pourcentage de saindoux, les pi\u00e8ces sont hach\u00e9es, sal\u00e9es et \u00e9pic\u00e9es sans ajout de conservateurs ou de colorants.<\/p>\n<p>A consommer apr\u00e8s cuisson : il est conseill\u00e9 de ne pas percer le produit afin de ne pas lib\u00e9rer les ar\u00f4mes.<\/p>\n<p>Produit \u00e0 base de porc, \u00e0 consommer cuit, dans les 20 jours suivant la livraison.<\/p>\n<p>Conserver au r\u00e9frig\u00e9rateur \u00e0 une temp\u00e9rature maximale de 5\u00b0C.<\/p>\n<p>INGR\u00c9DIENTS : Porc (Suisse), lard, sel de cuisine, \u00e9pices, ar\u00f4me naturel.<br \/>\nBoyau : boyau de b\u0153uf non comestible.<\/p>\n<p>- Sans conservateurs ni additifs chimiques<br \/>\n- Sans colorant<br \/>\n- Sans gluten<br \/>\n- Sans lactose ni produits laitiers<br \/>\n- Sans polyphosphates ajout\u00e9s<\/p>\n<\/div>","protected":false},"excerpt":{"rendered":"<p>Notre CODEGOTTO : toujours pr\u00eat \u00e0 rehausser les meilleures viandes bouillies.<\/p>","protected":false},"featured_media":100,"template":"","meta":{"_et_pb_use_builder":"","_et_pb_old_content":"","_et_gb_content_width":""},"product_brand":[],"product_cat":[28],"product_tag":[],"class_list":{"0":"post-101","1":"product","2":"type-product","3":"status-publish","4":"has-post-thumbnail","6":"product_cat-pronti-per-la-cottura","8":"first","9":"onbackorder","10":"taxable","11":"shipping-taxable","12":"purchasable","13":"product-type-simple"},"_links":{"self":[{"href":"https:\/\/www.lasalumeria.ch\/fr\/wp-json\/wp\/v2\/product\/101","targetHints":{"allow":["GET"]}}],"collection":[{"href":"https:\/\/www.lasalumeria.ch\/fr\/wp-json\/wp\/v2\/product"}],"about":[{"href":"https:\/\/www.lasalumeria.ch\/fr\/wp-json\/wp\/v2\/types\/product"}],"wp:featuredmedia":[{"embeddable":true,"href":"https:\/\/www.lasalumeria.ch\/fr\/wp-json\/wp\/v2\/media\/100"}],"wp:attachment":[{"href":"https:\/\/www.lasalumeria.ch\/fr\/wp-json\/wp\/v2\/media?parent=101"}],"wp:term":[{"taxonomy":"product_brand","embeddable":true,"href":"https:\/\/www.lasalumeria.ch\/fr\/wp-json\/wp\/v2\/product_brand?post=101"},{"taxonomy":"product_cat","embeddable":true,"href":"https:\/\/www.lasalumeria.ch\/fr\/wp-json\/wp\/v2\/product_cat?post=101"},{"taxonomy":"product_tag","embeddable":true,"href":"https:\/\/www.lasalumeria.ch\/fr\/wp-json\/wp\/v2\/product_tag?post=101"}],"curies":[{"name":"wp","href":"https:\/\/api.w.org\/{rel}","templated":true}]}}