{"id":105,"date":"2025-02-22T15:27:23","date_gmt":"2025-02-22T13:27:23","guid":{"rendered":"https:\/\/shop.grigliamo.ch\/?product=aperitivo-sfizioso-300gr"},"modified":"2025-05-10T21:41:52","modified_gmt":"2025-05-10T19:41:52","slug":"aperitif-savoureux-300gr","status":"publish","type":"product","link":"https:\/\/www.lasalumeria.ch\/fr\/prodotto\/aperitivo-sfizioso-300gr\/","title":{"rendered":"APERITIVO SPICY - 300g"},"content":{"rendered":"<p>La photo repr\u00e9sente les quantit\u00e9s r\u00e9elles que vous recevrez \u00e0 la maison :<\/p>\n<div class=\"s_allow_columns o_container_small\">\n<p>- 100 g de viande s\u00e9ch\u00e9e de b\u0153uf<br \/>\n- 100 g de saindoux<br \/>\n- 2 saucisses de porc<\/p>\n<p class=\"o_default_snippet_text\">La qualit\u00e9 de la mati\u00e8re premi\u00e8re, le soin apport\u00e9 \u00e0 la transformation et l'absence totale d'additifs chimiques garantissent un go\u00fbt authentique et invitant.<\/p>\n<p class=\"o_default_snippet_text\">Produits \u00e0 base de viande de b\u0153uf et de porc, \u00e0 consommer crus, de pr\u00e9f\u00e9rence dans les 30 jours suivant la livraison.<\/p>\n<p class=\"o_default_snippet_text\">Conserver au r\u00e9frig\u00e9rateur \u00e0 une temp\u00e9rature maximale de 5\u00b0C.<\/p>\n<p>INGR\u00c9DIENTS : Viande de b\u0153uf (Suisse), viande de porc (Suisse), saindoux (Italie), sel de cuisine, \u00e9pices, ar\u00f4me naturel.<br \/>\nCe produit peut faire l'objet d'une perte de poids.<\/p>\n<p class=\"o_default_snippet_text\">- Sans conservateurs ni additifs chimiques<br \/>\n- Sans colorant<br \/>\n- Sans gluten<br \/>\n- Sans lactose ni produits laitiers<br \/>\n- Sans polyphosphates ajout\u00e9s<\/p>\n<p class=\"o_default_snippet_text\">Emball\u00e9 dans une atmosph\u00e8re protectrice.<\/p>\n<\/div>","protected":false},"excerpt":{"rendered":"<p>D\u00e9couvrez nos d\u00e9licieux ap\u00e9ritifs, une s\u00e9lection au go\u00fbt intense et inimitable pour toutes les occasions.<\/p>","protected":false},"featured_media":104,"template":"","meta":{"_et_pb_use_builder":"","_et_pb_old_content":"","_et_gb_content_width":""},"product_brand":[],"product_cat":[27],"product_tag":[],"class_list":{"0":"post-105","1":"product","2":"type-product","3":"status-publish","4":"has-post-thumbnail","6":"product_cat-mix-ticinese","8":"first","9":"onbackorder","10":"featured","11":"taxable","12":"shipping-taxable","13":"purchasable","14":"product-type-simple"},"_links":{"self":[{"href":"https:\/\/www.lasalumeria.ch\/fr\/wp-json\/wp\/v2\/product\/105","targetHints":{"allow":["GET"]}}],"collection":[{"href":"https:\/\/www.lasalumeria.ch\/fr\/wp-json\/wp\/v2\/product"}],"about":[{"href":"https:\/\/www.lasalumeria.ch\/fr\/wp-json\/wp\/v2\/types\/product"}],"wp:featuredmedia":[{"embeddable":true,"href":"https:\/\/www.lasalumeria.ch\/fr\/wp-json\/wp\/v2\/media\/104"}],"wp:attachment":[{"href":"https:\/\/www.lasalumeria.ch\/fr\/wp-json\/wp\/v2\/media?parent=105"}],"wp:term":[{"taxonomy":"product_brand","embeddable":true,"href":"https:\/\/www.lasalumeria.ch\/fr\/wp-json\/wp\/v2\/product_brand?post=105"},{"taxonomy":"product_cat","embeddable":true,"href":"https:\/\/www.lasalumeria.ch\/fr\/wp-json\/wp\/v2\/product_cat?post=105"},{"taxonomy":"product_tag","embeddable":true,"href":"https:\/\/www.lasalumeria.ch\/fr\/wp-json\/wp\/v2\/product_tag?post=105"}],"curies":[{"name":"wp","href":"https:\/\/api.w.org\/{rel}","templated":true}]}}