{"id":107,"date":"2025-02-22T15:30:24","date_gmt":"2025-02-22T13:30:24","guid":{"rendered":"https:\/\/shop.grigliamo.ch\/?product=la-salamata-550gr"},"modified":"2025-05-10T19:55:09","modified_gmt":"2025-05-10T17:55:09","slug":"la-salamata-550gr","status":"publish","type":"product","link":"https:\/\/www.lasalumeria.ch\/fr\/prodotto\/la-salamata-550gr\/","title":{"rendered":"SALAMATA - 550g"},"content":{"rendered":"<p>Les quantit\u00e9s indiqu\u00e9es dans l'image repr\u00e9sentent les quantit\u00e9s r\u00e9elles que vous recevrez \u00e0 la maison :<\/p>\n<div class=\"s_allow_columns o_container_small\">\n<p>- 1 350 g de salami nostrano<br \/>\n- 2 saucisses de chevreuil<br \/>\n- 2 salamis d'\u00e2ne<\/p>\n<p class=\"o_default_snippet_text\">La qualit\u00e9 de la mati\u00e8re premi\u00e8re, le soin apport\u00e9 \u00e0 la transformation et l'absence totale d'additifs chimiques garantissent un go\u00fbt authentique et invitant.<\/p>\n<p>Produit \u00e0 base de cerf, d'\u00e2ne et de porc, \u00e0 consommer cru, de pr\u00e9f\u00e9rence dans les 30 jours suivant la livraison.<\/p>\n<p>Conserver dans un endroit frais (max. 16 \u00b0C) et sec.<\/p>\n<p>INGR\u00c9DIENTS : Viande de porc (Suisse), viande de cerf (Nouvelle-Z\u00e9lande), viande d'\u00e2ne (Suisse ou Uruguay), saindoux, sel de cuisine, \u00e9pices, ar\u00f4me naturel.<br \/>\nBoyau : boyau de b\u0153uf non comestible.<br \/>\nCe produit peut faire l'objet d'une perte de poids.<\/p>\n<p class=\"o_default_snippet_text\">- Sans conservateurs ni additifs chimiques<br \/>\n- Sans colorant<br \/>\n- Sans gluten<br \/>\n- Sans lactose ni produits laitiers<br \/>\n- Sans polyphosphates ajout\u00e9s<\/p>\n<\/div>","protected":false},"excerpt":{"rendered":"<p>Le salami le plus savoureux et <em>affectueux<\/em> \u00eatre pr\u00e9sent !<\/p>","protected":false},"featured_media":106,"template":"","meta":{"_et_pb_use_builder":"","_et_pb_old_content":"","_et_gb_content_width":""},"product_brand":[],"product_cat":[27],"product_tag":[],"class_list":{"0":"post-107","1":"product","2":"type-product","3":"status-publish","4":"has-post-thumbnail","6":"product_cat-mix-ticinese","8":"first","9":"onbackorder","10":"taxable","11":"shipping-taxable","12":"purchasable","13":"product-type-simple"},"_links":{"self":[{"href":"https:\/\/www.lasalumeria.ch\/fr\/wp-json\/wp\/v2\/product\/107","targetHints":{"allow":["GET"]}}],"collection":[{"href":"https:\/\/www.lasalumeria.ch\/fr\/wp-json\/wp\/v2\/product"}],"about":[{"href":"https:\/\/www.lasalumeria.ch\/fr\/wp-json\/wp\/v2\/types\/product"}],"wp:featuredmedia":[{"embeddable":true,"href":"https:\/\/www.lasalumeria.ch\/fr\/wp-json\/wp\/v2\/media\/106"}],"wp:attachment":[{"href":"https:\/\/www.lasalumeria.ch\/fr\/wp-json\/wp\/v2\/media?parent=107"}],"wp:term":[{"taxonomy":"product_brand","embeddable":true,"href":"https:\/\/www.lasalumeria.ch\/fr\/wp-json\/wp\/v2\/product_brand?post=107"},{"taxonomy":"product_cat","embeddable":true,"href":"https:\/\/www.lasalumeria.ch\/fr\/wp-json\/wp\/v2\/product_cat?post=107"},{"taxonomy":"product_tag","embeddable":true,"href":"https:\/\/www.lasalumeria.ch\/fr\/wp-json\/wp\/v2\/product_tag?post=107"}],"curies":[{"name":"wp","href":"https:\/\/api.w.org\/{rel}","templated":true}]}}