{"id":35,"date":"2025-02-22T15:27:47","date_gmt":"2025-02-22T13:27:47","guid":{"rendered":"https:\/\/shop.grigliamo.ch\/?product=prosciutto-crudo-100gr"},"modified":"2025-05-10T20:25:17","modified_gmt":"2025-05-10T18:25:17","slug":"jambon-cru-100gr","status":"publish","type":"product","link":"https:\/\/www.lasalumeria.ch\/fr\/prodotto\/prosciutto-crudo-100gr\/","title":{"rendered":"PROSCIUTTO CRUDO FROID - 100g"},"content":{"rendered":"<div class=\"s_allow_columns o_container_small\">\n<p>Obtenu \u00e0 partir de la cuisse de porcs lourds n\u00e9s et \u00e9lev\u00e9s au Tessin.<\/p>\n<p>Les pattes sont coup\u00e9es et par\u00e9es selon une ancienne tradition locale.<\/p>\n<p>Les pi\u00e8ces sont sal\u00e9es, aromatis\u00e9es et mass\u00e9es \u00e0 la main r\u00e9guli\u00e8rement, comme par le pass\u00e9, avant d'\u00eatre s\u00e9ch\u00e9es dans des cellules sp\u00e9cialement climatis\u00e9es pendant au moins quatre mois.<\/p>\n<p>Une fois le lent processus de maturation termin\u00e9, le Prosciutto Crudo est pr\u00eat \u00e0 lib\u00e9rer tous ses ar\u00f4mes \u00e0 la d\u00e9coupe et \u00e0 ravir notre palais.<\/p>\n<p>La qualit\u00e9 de la mati\u00e8re premi\u00e8re, le soin apport\u00e9 \u00e0 la transformation et l'absence totale d'additifs chimiques garantissent un go\u00fbt authentique et invitant.<\/p>\n<p>Produit \u00e0 base de porc, \u00e0 consommer cru de pr\u00e9f\u00e9rence dans les 30 jours suivant la livraison.<\/p>\n<p>Conserver au r\u00e9frig\u00e9rateur \u00e0 une temp\u00e9rature maximale de 5\u00b0C.<\/p>\n<p>INGR\u00c9DIENTS : Viande de porc (Suisse), sel de cuisine, \u00e9pices, ar\u00f4me naturel.<\/p>\n<p>- Sans conservateurs ni additifs chimiques<br \/>\n- Sans colorant<br \/>\n- Sans gluten<br \/>\n- Sans lactose ni produits laitiers<br \/>\n- Sans polyphosphates ajout\u00e9s<\/p>\n<p>Emball\u00e9 dans une atmosph\u00e8re protectrice.<\/p>\n<\/div>","protected":false},"excerpt":{"rendered":"<p>Nos cuisses de porc sont coup\u00e9es et par\u00e9es selon l'ancienne tradition locale.<\/p>","protected":false},"featured_media":34,"template":"","meta":{"_et_pb_use_builder":"","_et_pb_old_content":"","_et_gb_content_width":""},"product_brand":[],"product_cat":[25],"product_tag":[],"class_list":{"0":"post-35","1":"product","2":"type-product","3":"status-publish","4":"has-post-thumbnail","6":"product_cat-affettati-per-te","8":"first","9":"onbackorder","10":"taxable","11":"shipping-taxable","12":"purchasable","13":"product-type-simple"},"_links":{"self":[{"href":"https:\/\/www.lasalumeria.ch\/fr\/wp-json\/wp\/v2\/product\/35","targetHints":{"allow":["GET"]}}],"collection":[{"href":"https:\/\/www.lasalumeria.ch\/fr\/wp-json\/wp\/v2\/product"}],"about":[{"href":"https:\/\/www.lasalumeria.ch\/fr\/wp-json\/wp\/v2\/types\/product"}],"wp:featuredmedia":[{"embeddable":true,"href":"https:\/\/www.lasalumeria.ch\/fr\/wp-json\/wp\/v2\/media\/34"}],"wp:attachment":[{"href":"https:\/\/www.lasalumeria.ch\/fr\/wp-json\/wp\/v2\/media?parent=35"}],"wp:term":[{"taxonomy":"product_brand","embeddable":true,"href":"https:\/\/www.lasalumeria.ch\/fr\/wp-json\/wp\/v2\/product_brand?post=35"},{"taxonomy":"product_cat","embeddable":true,"href":"https:\/\/www.lasalumeria.ch\/fr\/wp-json\/wp\/v2\/product_cat?post=35"},{"taxonomy":"product_tag","embeddable":true,"href":"https:\/\/www.lasalumeria.ch\/fr\/wp-json\/wp\/v2\/product_tag?post=35"}],"curies":[{"name":"wp","href":"https:\/\/api.w.org\/{rel}","templated":true}]}}