{"id":43,"date":"2025-02-22T15:29:11","date_gmt":"2025-02-22T13:29:11","guid":{"rendered":"https:\/\/shop.grigliamo.ch\/?product=salame-nostrano-100gr"},"modified":"2025-05-10T21:18:26","modified_gmt":"2025-05-10T19:18:26","slug":"salami-nostrano-100gr","status":"publish","type":"product","link":"https:\/\/www.lasalumeria.ch\/fr\/prodotto\/salame-nostrano-100gr\/","title":{"rendered":"SALAME nostrano - 100g"},"content":{"rendered":"<div class=\"s_allow_columns o_container_small\">\n<p>Nous n'utilisons que la viande la plus maigre des cuisses et des \u00e9paules du porc.<\/p>\n<p>Avec le bon pourcentage de saindoux, les deux parties sont grossi\u00e8rement hach\u00e9es et additionn\u00e9es de sel, d'\u00e9pices et d'ar\u00f4mes naturels.<\/p>\n<p>La maturation varie de 12 \u00e0 18 semaines.<\/p>\n<p style=\"text-align: justify;\">Le salami est tranch\u00e9 \u00e0 l'\u00e9tat frais et emball\u00e9 imm\u00e9diatement avant d'\u00eatre exp\u00e9di\u00e9.<\/p>\n<p style=\"text-align: justify;\">Produit \u00e0 base de porc, \u00e0 consommer cru de pr\u00e9f\u00e9rence dans les 30 jours suivant la livraison.<\/p>\n<p style=\"text-align: justify;\">Conserver au r\u00e9frig\u00e9rateur \u00e0 une temp\u00e9rature maximale de 5\u00b0C.<\/p>\n<p>INGR\u00c9DIENTS : Porc (Suisse), lard, sel de cuisine, \u00e9pices, ar\u00f4me naturel.<\/p>\n<p>- Sans conservateurs ni additifs chimiques<br \/>\n- Sans colorant<br \/>\n- Sans gluten<br \/>\n- Sans lactose ni produits laitiers<br \/>\n- Sans polyphosphates ajout\u00e9s<\/p>\n<p>Emball\u00e9 dans une atmosph\u00e8re protectrice.<\/p>\n<\/div>","protected":false},"excerpt":{"rendered":"<p>Notre SALAME maison, un d\u00e9lice authentique.<\/p>","protected":false},"featured_media":42,"template":"","meta":{"_et_pb_use_builder":"","_et_pb_old_content":"","_et_gb_content_width":""},"product_brand":[],"product_cat":[25],"product_tag":[],"class_list":{"0":"post-43","1":"product","2":"type-product","3":"status-publish","4":"has-post-thumbnail","6":"product_cat-affettati-per-te","8":"first","9":"onbackorder","10":"featured","11":"taxable","12":"shipping-taxable","13":"purchasable","14":"product-type-simple"},"_links":{"self":[{"href":"https:\/\/www.lasalumeria.ch\/fr\/wp-json\/wp\/v2\/product\/43","targetHints":{"allow":["GET"]}}],"collection":[{"href":"https:\/\/www.lasalumeria.ch\/fr\/wp-json\/wp\/v2\/product"}],"about":[{"href":"https:\/\/www.lasalumeria.ch\/fr\/wp-json\/wp\/v2\/types\/product"}],"wp:featuredmedia":[{"embeddable":true,"href":"https:\/\/www.lasalumeria.ch\/fr\/wp-json\/wp\/v2\/media\/42"}],"wp:attachment":[{"href":"https:\/\/www.lasalumeria.ch\/fr\/wp-json\/wp\/v2\/media?parent=43"}],"wp:term":[{"taxonomy":"product_brand","embeddable":true,"href":"https:\/\/www.lasalumeria.ch\/fr\/wp-json\/wp\/v2\/product_brand?post=43"},{"taxonomy":"product_cat","embeddable":true,"href":"https:\/\/www.lasalumeria.ch\/fr\/wp-json\/wp\/v2\/product_cat?post=43"},{"taxonomy":"product_tag","embeddable":true,"href":"https:\/\/www.lasalumeria.ch\/fr\/wp-json\/wp\/v2\/product_tag?post=43"}],"curies":[{"name":"wp","href":"https:\/\/api.w.org\/{rel}","templated":true}]}}