{"id":45,"date":"2025-02-22T15:30:55","date_gmt":"2025-02-22T13:30:55","guid":{"rendered":"https:\/\/shop.grigliamo.ch\/?product=porchetta-120gr"},"modified":"2025-05-10T19:47:59","modified_gmt":"2025-05-10T17:47:59","slug":"cochon-de-lait-roti-120gr","status":"publish","type":"product","link":"https:\/\/www.lasalumeria.ch\/fr\/prodotto\/porchetta-120gr\/","title":{"rendered":"PORCHETTA - 120g"},"content":{"rendered":"<div class=\"s_allow_columns o_container_small\">\n<p>On utilise la panse et le dos de porcs lourds \u00e9lev\u00e9s au Tessin.<\/p>\n<p>La viande est marin\u00e9e avec du sel et des herbes, roul\u00e9e et ficel\u00e9e.<\/p>\n<p>Le brunissement est suivi d'une cuisson lente \u00e0 basse temp\u00e9rature, qui permet d'obtenir un produit doux et tr\u00e8s d\u00e9licat.<\/p>\n<p class=\"o_default_snippet_text\">La qualit\u00e9 de la mati\u00e8re premi\u00e8re, le soin apport\u00e9 \u00e0 la transformation et l'absence totale d'additifs chimiques garantissent un go\u00fbt authentique et invitant.<\/p>\n<p>Produit de porc, cuit, \u00e0 consommer dans les 20 jours suivant la livraison.<\/p>\n<p>Conserver au r\u00e9frig\u00e9rateur \u00e0 une temp\u00e9rature maximale de 5\u00b0C.<\/p>\n<p class=\"o_default_snippet_text\">INGR\u00c9DIENTS : Viande de porc (Suisse), sel de cuisine, huile de colza (Suisse), \u00e9pices.<\/p>\n<p class=\"o_default_snippet_text\">- Sans conservateurs ni additifs chimiques<br \/>\n- Sans colorant<br \/>\n- Sans gluten<br \/>\n- Sans lactose ni produits laitiers<br \/>\n- Sans polyphosphates ajout\u00e9s<\/p>\n<p class=\"o_default_snippet_text\">Emball\u00e9 dans une atmosph\u00e8re protectrice.<\/p>\n<\/div>","protected":false},"excerpt":{"rendered":"<p>Notre PORCHETTA faite \u00e0 la main : douce, d\u00e9licate, toujours invitante.<\/p>","protected":false},"featured_media":44,"template":"","meta":{"_et_pb_use_builder":"","_et_pb_old_content":"","_et_gb_content_width":""},"product_brand":[],"product_cat":[25],"product_tag":[],"class_list":{"0":"post-45","1":"product","2":"type-product","3":"status-publish","4":"has-post-thumbnail","6":"product_cat-affettati-per-te","8":"first","9":"onbackorder","10":"taxable","11":"shipping-taxable","12":"purchasable","13":"product-type-simple"},"_links":{"self":[{"href":"https:\/\/www.lasalumeria.ch\/fr\/wp-json\/wp\/v2\/product\/45","targetHints":{"allow":["GET"]}}],"collection":[{"href":"https:\/\/www.lasalumeria.ch\/fr\/wp-json\/wp\/v2\/product"}],"about":[{"href":"https:\/\/www.lasalumeria.ch\/fr\/wp-json\/wp\/v2\/types\/product"}],"wp:featuredmedia":[{"embeddable":true,"href":"https:\/\/www.lasalumeria.ch\/fr\/wp-json\/wp\/v2\/media\/44"}],"wp:attachment":[{"href":"https:\/\/www.lasalumeria.ch\/fr\/wp-json\/wp\/v2\/media?parent=45"}],"wp:term":[{"taxonomy":"product_brand","embeddable":true,"href":"https:\/\/www.lasalumeria.ch\/fr\/wp-json\/wp\/v2\/product_brand?post=45"},{"taxonomy":"product_cat","embeddable":true,"href":"https:\/\/www.lasalumeria.ch\/fr\/wp-json\/wp\/v2\/product_cat?post=45"},{"taxonomy":"product_tag","embeddable":true,"href":"https:\/\/www.lasalumeria.ch\/fr\/wp-json\/wp\/v2\/product_tag?post=45"}],"curies":[{"name":"wp","href":"https:\/\/api.w.org\/{rel}","templated":true}]}}