{"id":47,"date":"2025-02-22T15:30:55","date_gmt":"2025-02-22T13:30:55","guid":{"rendered":"https:\/\/shop.grigliamo.ch\/?product=roast-beef-120gr"},"modified":"2025-05-10T21:47:04","modified_gmt":"2025-05-10T19:47:04","slug":"roti-de-boeuf-120gr","status":"publish","type":"product","link":"https:\/\/www.lasalumeria.ch\/fr\/prodotto\/roast-beef-120gr\/","title":{"rendered":"BOEUF R\u00d4TI - 120g"},"content":{"rendered":"<div class=\"s_allow_columns o_container_small\">\n<p>Nous utilisons la partie la plus tendre de la cuisse de b\u0153uf et la faisons mariner avec un m\u00e9lange de sel, d'herbes et de moutarde.<\/p>\n<p>Afin de ne pas trahir une recette transmise depuis de nombreuses ann\u00e9es, nous cuisinons notre r\u00f4ti de b\u0153uf selon la m\u00e9thode classique, un premier rissolage et quelques minutes de cuisson tout en contr\u00f4lant la temp\u00e9rature \u00e0 c\u0153ur.<\/p>\n<p>La qualit\u00e9 de la mati\u00e8re premi\u00e8re, le soin apport\u00e9 \u00e0 la transformation et l'absence totale d'additifs chimiques garantissent un go\u00fbt authentique et invitant.<\/p>\n<p class=\"o_default_snippet_text\">Produit \u00e0 base de viande de b\u0153uf, cuit, \u00e0 consommer dans les 5 jours suivant la livraison.<\/p>\n<p class=\"o_default_snippet_text\">Conserver au r\u00e9frig\u00e9rateur \u00e0 une temp\u00e9rature maximale de 5\u00b0C.<\/p>\n<p>INGR\u00c9DIENTS : Viande de b\u0153uf (Suisse), sel de cuisine, huile de colza (Suisse), \u00e9pices.<\/p>\n<p class=\"o_default_snippet_text\">- Sans conservateurs ni additifs chimiques<br \/>\n- Sans colorant<br \/>\n- Sans gluten<br \/>\n- Sans lactose ni produits laitiers<br \/>\n- Sans polyphosphates ajout\u00e9s<\/p>\n<\/div>","protected":false},"excerpt":{"rendered":"<p>D\u00e9couvrez notre r\u00f4ti de b\u0153uf, pr\u00e9par\u00e9 avec soin et selon les secrets de grand-m\u00e8re pour une saveur authentique et irr\u00e9sistible.<\/p>","protected":false},"featured_media":46,"template":"","meta":{"_et_pb_use_builder":"","_et_pb_old_content":"","_et_gb_content_width":""},"product_brand":[],"product_cat":[25],"product_tag":[],"class_list":{"0":"post-47","1":"product","2":"type-product","3":"status-publish","4":"has-post-thumbnail","6":"product_cat-affettati-per-te","8":"first","9":"onbackorder","10":"featured","11":"taxable","12":"shipping-taxable","13":"purchasable","14":"product-type-simple"},"_links":{"self":[{"href":"https:\/\/www.lasalumeria.ch\/fr\/wp-json\/wp\/v2\/product\/47","targetHints":{"allow":["GET"]}}],"collection":[{"href":"https:\/\/www.lasalumeria.ch\/fr\/wp-json\/wp\/v2\/product"}],"about":[{"href":"https:\/\/www.lasalumeria.ch\/fr\/wp-json\/wp\/v2\/types\/product"}],"wp:featuredmedia":[{"embeddable":true,"href":"https:\/\/www.lasalumeria.ch\/fr\/wp-json\/wp\/v2\/media\/46"}],"wp:attachment":[{"href":"https:\/\/www.lasalumeria.ch\/fr\/wp-json\/wp\/v2\/media?parent=47"}],"wp:term":[{"taxonomy":"product_brand","embeddable":true,"href":"https:\/\/www.lasalumeria.ch\/fr\/wp-json\/wp\/v2\/product_brand?post=47"},{"taxonomy":"product_cat","embeddable":true,"href":"https:\/\/www.lasalumeria.ch\/fr\/wp-json\/wp\/v2\/product_cat?post=47"},{"taxonomy":"product_tag","embeddable":true,"href":"https:\/\/www.lasalumeria.ch\/fr\/wp-json\/wp\/v2\/product_tag?post=47"}],"curies":[{"name":"wp","href":"https:\/\/api.w.org\/{rel}","templated":true}]}}