{"id":51,"date":"2025-02-22T15:29:11","date_gmt":"2025-02-22T13:29:11","guid":{"rendered":"https:\/\/shop.grigliamo.ch\/?product=mortadella-di-fegato-350gr"},"modified":"2025-05-10T21:19:54","modified_gmt":"2025-05-10T19:19:54","slug":"mortadelle-de-foie-350gr","status":"publish","type":"product","link":"https:\/\/www.lasalumeria.ch\/fr\/prodotto\/mortadella-di-fegato-350gr\/","title":{"rendered":"MORTADELLE DE CUIR - 350g"},"content":{"rendered":"<div class=\"s_allow_columns o_container_small\">\n<p>Nous utilisons de la viande provenant de parures de lard, de cou et d'\u00e9paules de porcs suisses.<\/p>\n<p>Avec le bon pourcentage de lard et de foie de veau, les parties sont hach\u00e9es en un grain grossier.<\/p>\n<p>Ce n'est qu'avec l'ajout de sel, d'\u00e9pices, d'ar\u00f4mes naturels et une p\u00e9riode de maturation de 4 \u00e0 12 semaines que nous obtenons notre Mortadelle de foie : un produit unique pour les vrais gourmets.<\/p>\n<p>Produit \u00e0 base de porc, \u00e0 consommer cru, de pr\u00e9f\u00e9rence dans les 40 jours suivant la livraison.<br \/>\nConserver dans un endroit frais (max. 16\u00b0) et sec, en \u00e9vitant la lumi\u00e8re directe du soleil.<br \/>\nUne fois coup\u00e9, conserver au r\u00e9frig\u00e9rateur \u00e0 5\u00b0C.<\/p>\n<p>INGR\u00c9DIENTS : Viande de porc (Suisse), lard, foie de veau 7% (Suisse), sel de cuisine, \u00e9pices, ar\u00f4me naturel.<br \/>\nBoyau : boyau de b\u0153uf non comestible.<br \/>\nCe produit peut faire l'objet d'une perte de poids.<\/p>\n<p>- Sans conservateurs ni additifs chimiques<br \/>\n- Sans colorant<br \/>\n- Sans gluten<br \/>\n- Sans lactose ni produits laitiers<br \/>\n- Sans polyphosphates ajout\u00e9s<\/p>\n<\/div>","protected":false},"excerpt":{"rendered":"<p>Notre MORTADELLA DI FEGATO est un produit unique pour les vrais gourmets.<\/p>","protected":false},"featured_media":50,"template":"","meta":{"_et_pb_use_builder":"","_et_pb_old_content":"","_et_gb_content_width":""},"product_brand":[],"product_cat":[26],"product_tag":[],"class_list":{"0":"post-51","1":"product","2":"type-product","3":"status-publish","4":"has-post-thumbnail","6":"product_cat-affetta-tu","8":"first","9":"onbackorder","10":"taxable","11":"shipping-taxable","12":"purchasable","13":"product-type-simple"},"_links":{"self":[{"href":"https:\/\/www.lasalumeria.ch\/fr\/wp-json\/wp\/v2\/product\/51","targetHints":{"allow":["GET"]}}],"collection":[{"href":"https:\/\/www.lasalumeria.ch\/fr\/wp-json\/wp\/v2\/product"}],"about":[{"href":"https:\/\/www.lasalumeria.ch\/fr\/wp-json\/wp\/v2\/types\/product"}],"wp:featuredmedia":[{"embeddable":true,"href":"https:\/\/www.lasalumeria.ch\/fr\/wp-json\/wp\/v2\/media\/50"}],"wp:attachment":[{"href":"https:\/\/www.lasalumeria.ch\/fr\/wp-json\/wp\/v2\/media?parent=51"}],"wp:term":[{"taxonomy":"product_brand","embeddable":true,"href":"https:\/\/www.lasalumeria.ch\/fr\/wp-json\/wp\/v2\/product_brand?post=51"},{"taxonomy":"product_cat","embeddable":true,"href":"https:\/\/www.lasalumeria.ch\/fr\/wp-json\/wp\/v2\/product_cat?post=51"},{"taxonomy":"product_tag","embeddable":true,"href":"https:\/\/www.lasalumeria.ch\/fr\/wp-json\/wp\/v2\/product_tag?post=51"}],"curies":[{"name":"wp","href":"https:\/\/api.w.org\/{rel}","templated":true}]}}