{"id":63,"date":"2025-02-22T15:30:55","date_gmt":"2025-02-22T13:30:55","guid":{"rendered":"https:\/\/shop.grigliamo.ch\/?product=slinzega-di-cervo-150gr"},"modified":"2025-05-10T19:48:54","modified_gmt":"2025-05-10T17:48:54","slug":"chevreuil-slinzega-150gr","status":"publish","type":"product","link":"https:\/\/www.lasalumeria.ch\/fr\/prodotto\/slinzega-di-cervo-150gr\/","title":{"rendered":"SLINZEGA de chevreuil - 150g"},"content":{"rendered":"<div class=\"s_allow_columns o_container_small\">\n<p>Obtenus \u00e0 partir de diff\u00e9rentes parties de la croupe du cerf.<\/p>\n<p>Les morceaux soigneusement s\u00e9lectionn\u00e9s sont sal\u00e9s, assaisonn\u00e9s et mass\u00e9s \u00e0 la main r\u00e9guli\u00e8rement, comme autrefois, avant d'\u00eatre s\u00e9ch\u00e9s \u00e0 l'air pur de nos vall\u00e9es pendant plusieurs semaines.<\/p>\n<p>La qualit\u00e9 de la mati\u00e8re premi\u00e8re, le soin apport\u00e9 \u00e0 la transformation et l'absence totale d'additifs chimiques garantissent un go\u00fbt authentique et intense.<\/p>\n<p>La Slinzega de venaison se d\u00e9guste coup\u00e9e en tranches pas trop fines \u00e0 l'aide d'un couteau.<\/p>\n<p>Produit \u00e0 base de viande de cerf, \u00e0 consommer cru, de pr\u00e9f\u00e9rence dans les 60 jours suivant la livraison.<\/p>\n<p>Conserver dans un endroit frais (max. 16\u00b0C) et sec, en \u00e9vitant la lumi\u00e8re directe du soleil.<br \/>\nUne fois coup\u00e9, conserver au r\u00e9frig\u00e9rateur \u00e0 5\u00b0C.<\/p>\n<p>INGR\u00c9DIENTS : Viande de cerf (Nouvelle-Z\u00e9lande), sel de cuisine, \u00e9pices, ar\u00f4me naturel.<\/p>\n<p>- Sans conservateurs ni additifs chimiques<br \/>\n- Sans colorant<br \/>\n- Sans gluten<br \/>\n- Sans lactose ni produits laitiers<br \/>\n- Sans polyphosphates ajout\u00e9s<\/p>\n<\/div>","protected":false},"excerpt":{"rendered":"<p>Le SLINZEGA de cerf se d\u00e9guste coup\u00e9 au couteau en tranches pas trop fines.<\/p>","protected":false},"featured_media":62,"template":"","meta":{"_et_pb_use_builder":"","_et_pb_old_content":"","_et_gb_content_width":""},"product_brand":[],"product_cat":[26],"product_tag":[],"class_list":{"0":"post-63","1":"product","2":"type-product","3":"status-publish","4":"has-post-thumbnail","6":"product_cat-affetta-tu","8":"first","9":"onbackorder","10":"taxable","11":"shipping-taxable","12":"purchasable","13":"product-type-simple"},"_links":{"self":[{"href":"https:\/\/www.lasalumeria.ch\/fr\/wp-json\/wp\/v2\/product\/63","targetHints":{"allow":["GET"]}}],"collection":[{"href":"https:\/\/www.lasalumeria.ch\/fr\/wp-json\/wp\/v2\/product"}],"about":[{"href":"https:\/\/www.lasalumeria.ch\/fr\/wp-json\/wp\/v2\/types\/product"}],"wp:featuredmedia":[{"embeddable":true,"href":"https:\/\/www.lasalumeria.ch\/fr\/wp-json\/wp\/v2\/media\/62"}],"wp:attachment":[{"href":"https:\/\/www.lasalumeria.ch\/fr\/wp-json\/wp\/v2\/media?parent=63"}],"wp:term":[{"taxonomy":"product_brand","embeddable":true,"href":"https:\/\/www.lasalumeria.ch\/fr\/wp-json\/wp\/v2\/product_brand?post=63"},{"taxonomy":"product_cat","embeddable":true,"href":"https:\/\/www.lasalumeria.ch\/fr\/wp-json\/wp\/v2\/product_cat?post=63"},{"taxonomy":"product_tag","embeddable":true,"href":"https:\/\/www.lasalumeria.ch\/fr\/wp-json\/wp\/v2\/product_tag?post=63"}],"curies":[{"name":"wp","href":"https:\/\/api.w.org\/{rel}","templated":true}]}}