{"id":75,"date":"2025-02-22T15:29:11","date_gmt":"2025-02-22T13:29:11","guid":{"rendered":"https:\/\/shop.grigliamo.ch\/?product=lardo-trancio-250gr"},"modified":"2025-05-10T20:17:16","modified_gmt":"2025-05-10T18:17:16","slug":"tranche-de-saindoux-250gr","status":"publish","type":"product","link":"https:\/\/www.lasalumeria.ch\/fr\/prodotto\/lardo-trancio-250gr\/","title":{"rendered":"LARDO - tranche 250g"},"content":{"rendered":"<div class=\"s_allow_columns o_container_small\">\n<p>Obtenu \u00e0 partir de la partie sup\u00e9rieure du dos des porcs lourds.<\/p>\n<p>Les morceaux sont sal\u00e9s, aromatis\u00e9s et tremp\u00e9s dans du vin pendant quelques semaines selon la recette secr\u00e8te de nos anc\u00eatres.<\/p>\n<p style=\"text-align: justify;\">La qualit\u00e9 de la mati\u00e8re premi\u00e8re, le soin apport\u00e9 \u00e0 la transformation et l'absence totale d'additifs chimiques garantissent un go\u00fbt authentique et raffin\u00e9.<br \/>\nLorsqu'il est coup\u00e9, il d\u00e9gage un ar\u00f4me frais et \u00e9pic\u00e9 qui \"fond\" en bouche.<\/p>\n<p style=\"text-align: justify;\">La tranche de lard est coup\u00e9e \u00e0 l'\u00e9tat frais et emball\u00e9e imm\u00e9diatement avant d'\u00eatre exp\u00e9di\u00e9e.<\/p>\n<p style=\"text-align: justify;\">Produit \u00e0 base de porc, \u00e0 consommer cru, de pr\u00e9f\u00e9rence dans les 90 jours suivant la livraison.<\/p>\n<p style=\"text-align: justify;\">Conserver dans un endroit frais (max. 16\u00b0C) et sec, en \u00e9vitant la lumi\u00e8re directe du soleil.<br \/>\nUne fois coup\u00e9, conserver au r\u00e9frig\u00e9rateur \u00e0 5\u00b0C.<\/p>\n<p>INGR\u00c9DIENTS : Viande de porc (Italie), saindoux, sel de cuisine, \u00e9pices, ar\u00f4me naturel.<\/p>\n<p>- Sans conservateurs ni additifs chimiques<br \/>\n- Sans colorant<br \/>\n- Sans gluten<br \/>\n- Sans lactose ni produits laitiers<br \/>\n- Sans polyphosphates ajout\u00e9s<\/p>\n<\/div>","protected":false},"excerpt":{"rendered":"<p>Notre LARDO, pr\u00eat \u00e0 fondre sur le palais.<\/p>","protected":false},"featured_media":74,"template":"","meta":{"_et_pb_use_builder":"","_et_pb_old_content":"","_et_gb_content_width":""},"product_brand":[],"product_cat":[26],"product_tag":[],"class_list":{"0":"post-75","1":"product","2":"type-product","3":"status-publish","4":"has-post-thumbnail","6":"product_cat-affetta-tu","8":"first","9":"onbackorder","10":"taxable","11":"shipping-taxable","12":"purchasable","13":"product-type-simple"},"_links":{"self":[{"href":"https:\/\/www.lasalumeria.ch\/fr\/wp-json\/wp\/v2\/product\/75","targetHints":{"allow":["GET"]}}],"collection":[{"href":"https:\/\/www.lasalumeria.ch\/fr\/wp-json\/wp\/v2\/product"}],"about":[{"href":"https:\/\/www.lasalumeria.ch\/fr\/wp-json\/wp\/v2\/types\/product"}],"wp:featuredmedia":[{"embeddable":true,"href":"https:\/\/www.lasalumeria.ch\/fr\/wp-json\/wp\/v2\/media\/74"}],"wp:attachment":[{"href":"https:\/\/www.lasalumeria.ch\/fr\/wp-json\/wp\/v2\/media?parent=75"}],"wp:term":[{"taxonomy":"product_brand","embeddable":true,"href":"https:\/\/www.lasalumeria.ch\/fr\/wp-json\/wp\/v2\/product_brand?post=75"},{"taxonomy":"product_cat","embeddable":true,"href":"https:\/\/www.lasalumeria.ch\/fr\/wp-json\/wp\/v2\/product_cat?post=75"},{"taxonomy":"product_tag","embeddable":true,"href":"https:\/\/www.lasalumeria.ch\/fr\/wp-json\/wp\/v2\/product_tag?post=75"}],"curies":[{"name":"wp","href":"https:\/\/api.w.org\/{rel}","templated":true}]}}