{"id":77,"date":"2025-02-22T15:30:55","date_gmt":"2025-02-22T13:30:55","guid":{"rendered":"https:\/\/shop.grigliamo.ch\/?product=pancetta-trancio-250gr"},"modified":"2025-05-10T18:49:36","modified_gmt":"2025-05-10T16:49:36","slug":"tranches-de-bacon-250gr","status":"publish","type":"product","link":"https:\/\/www.lasalumeria.ch\/fr\/prodotto\/pancetta-trancio-250gr\/","title":{"rendered":"PANCETTA - tranche 250g"},"content":{"rendered":"<div class=\"s_allow_columns o_container_small\">\n<p>Obtenu \u00e0 partir de la panse de porcs lourds n\u00e9s et \u00e9lev\u00e9s en Suisse.<\/p>\n<p>Les morceaux soigneusement choisis sont assembl\u00e9s dans du vin, sal\u00e9s, aromatis\u00e9s et mass\u00e9s r\u00e9guli\u00e8rement \u00e0 la main, comme autrefois, avant d'\u00eatre s\u00e9ch\u00e9s \u00e0 l'air pur de nos vall\u00e9es pendant quelques semaines.<\/p>\n<p style=\"text-align: justify;\">La qualit\u00e9 de la mati\u00e8re premi\u00e8re, le soin apport\u00e9 \u00e0 la transformation et l'absence totale d'additifs chimiques garantissent un go\u00fbt authentique et raffin\u00e9.<br \/>\nLorsqu'il est coup\u00e9, tous les ar\u00f4mes capiteux des \u00e9pices sont lib\u00e9r\u00e9s.<\/p>\n<p style=\"text-align: justify;\">La tranche de bacon est coup\u00e9e \u00e0 l'\u00e9tat frais et est emball\u00e9e imm\u00e9diatement avant d'\u00eatre exp\u00e9di\u00e9e.<\/p>\n<p>Produit \u00e0 base de porc, \u00e0 consommer cru, de pr\u00e9f\u00e9rence dans les 90 jours suivant la livraison.<\/p>\n<p>Conserver dans un endroit frais (max. 16\u00b0C) et sec, en \u00e9vitant la lumi\u00e8re directe du soleil.<br \/>\nUne fois coup\u00e9, conserver au r\u00e9frig\u00e9rateur \u00e0 5\u00b0C.<\/p>\n<p>INGR\u00c9DIENTS : Viande de porc (Suisse), sel de cuisine, \u00e9pices, ar\u00f4me naturel.<\/p>\n<p>- Sans conservateurs ni additifs chimiques<br \/>\n- Sans colorant<br \/>\n- Sans gluten<br \/>\n- Sans lactose ni produits laitiers<br \/>\n- Sans polyphosphates ajout\u00e9s<\/p>\n<\/div>","protected":false},"excerpt":{"rendered":"<p>Notre PANCETTA au go\u00fbt authentique d\u00e9gage des ar\u00f4mes \u00e9pic\u00e9s capiteux.<\/p>","protected":false},"featured_media":76,"template":"","meta":{"_et_pb_use_builder":"","_et_pb_old_content":"","_et_gb_content_width":""},"product_brand":[],"product_cat":[26],"product_tag":[],"class_list":{"0":"post-77","1":"product","2":"type-product","3":"status-publish","4":"has-post-thumbnail","6":"product_cat-affetta-tu","8":"first","9":"onbackorder","10":"taxable","11":"shipping-taxable","12":"purchasable","13":"product-type-simple"},"_links":{"self":[{"href":"https:\/\/www.lasalumeria.ch\/fr\/wp-json\/wp\/v2\/product\/77","targetHints":{"allow":["GET"]}}],"collection":[{"href":"https:\/\/www.lasalumeria.ch\/fr\/wp-json\/wp\/v2\/product"}],"about":[{"href":"https:\/\/www.lasalumeria.ch\/fr\/wp-json\/wp\/v2\/types\/product"}],"wp:featuredmedia":[{"embeddable":true,"href":"https:\/\/www.lasalumeria.ch\/fr\/wp-json\/wp\/v2\/media\/76"}],"wp:attachment":[{"href":"https:\/\/www.lasalumeria.ch\/fr\/wp-json\/wp\/v2\/media?parent=77"}],"wp:term":[{"taxonomy":"product_brand","embeddable":true,"href":"https:\/\/www.lasalumeria.ch\/fr\/wp-json\/wp\/v2\/product_brand?post=77"},{"taxonomy":"product_cat","embeddable":true,"href":"https:\/\/www.lasalumeria.ch\/fr\/wp-json\/wp\/v2\/product_cat?post=77"},{"taxonomy":"product_tag","embeddable":true,"href":"https:\/\/www.lasalumeria.ch\/fr\/wp-json\/wp\/v2\/product_tag?post=77"}],"curies":[{"name":"wp","href":"https:\/\/api.w.org\/{rel}","templated":true}]}}