{"id":95,"date":"2025-02-22T15:29:11","date_gmt":"2025-02-22T13:29:11","guid":{"rendered":"https:\/\/shop.grigliamo.ch\/?product=cipett-di-capra-2-pezzi-50-gr"},"modified":"2025-05-10T21:40:12","modified_gmt":"2025-05-10T19:40:12","slug":"cipett-de-chevre-2-pieces-50-g","status":"publish","type":"product","link":"https:\/\/www.lasalumeria.ch\/fr\/prodotto\/cipett-di-capra-2-pezzi-50-gr\/","title":{"rendered":"CIPETT DE CH\u00c8VRE - 2 pi\u00e8ces (120 g)"},"content":{"rendered":"<div class=\"s_allow_columns o_container_small\">\n<p>Nous utilisons de la viande obtenue \u00e0 partir d'\u00e9paules de ch\u00e8vres.<\/p>\n<p>Avec le bon pourcentage de saindoux, les deux parties sont hach\u00e9es jusqu'\u00e0 obtention d'un grain fin.<\/p>\n<p>Ce n'est qu'avec l'ajout de sel, d'\u00e9pices, d'ar\u00f4mes et une p\u00e9riode de maturation de 2 semaines que nous obtenons un \"Snack\" au go\u00fbt captivant.<\/p>\n<p>La qualit\u00e9 de la mati\u00e8re premi\u00e8re, le soin apport\u00e9 \u00e0 la transformation et l'absence totale d'additifs chimiques garantissent une saveur et un ar\u00f4me d\u00e9licatement sauvages imm\u00e9diatement reconnaissables.<\/p>\n<p>Produit \u00e0 base de viande de ch\u00e8vre, \u00e0 consommer cru, de pr\u00e9f\u00e9rence dans les 30 jours suivant la livraison.<\/p>\n<p>Conserver dans un endroit frais (max. 16\u00b0C) et sec, en \u00e9vitant la lumi\u00e8re directe du soleil.<br \/>\nConserver au r\u00e9frig\u00e9rateur \u00e0 5\u00b0C.<\/p>\n<p>INGR\u00c9DIENTS : Viande de ch\u00e8vre 80% (Suisse), viande de porc (Suisse), lard, sel de cuisine, \u00e9pices, ar\u00f4me naturel.<br \/>\nEnveloppe : intestin de mouton comestible<br \/>\nCe produit peut faire l'objet d'une perte de poids.<\/p>\n<p>- Sans conservateurs ni additifs chimiques<br \/>\n- Sans colorant<br \/>\n- Sans gluten<br \/>\n- Sans lactose ni produits laitiers<br \/>\n- Sans polyphosphates ajout\u00e9s<\/p>\n<\/div>","protected":false},"excerpt":{"rendered":"<p>Notre c\u00e9l\u00e8bre CIPETT de ch\u00e8vre, \u00e0 l'ar\u00f4me intense. Go\u00fbt unique.<\/p>","protected":false},"featured_media":94,"template":"","meta":{"_et_pb_use_builder":"","_et_pb_old_content":"","_et_gb_content_width":""},"product_brand":[],"product_cat":[26],"product_tag":[],"class_list":{"0":"post-95","1":"product","2":"type-product","3":"status-publish","4":"has-post-thumbnail","6":"product_cat-affetta-tu","8":"first","9":"onbackorder","10":"taxable","11":"shipping-taxable","12":"purchasable","13":"product-type-simple"},"_links":{"self":[{"href":"https:\/\/www.lasalumeria.ch\/fr\/wp-json\/wp\/v2\/product\/95","targetHints":{"allow":["GET"]}}],"collection":[{"href":"https:\/\/www.lasalumeria.ch\/fr\/wp-json\/wp\/v2\/product"}],"about":[{"href":"https:\/\/www.lasalumeria.ch\/fr\/wp-json\/wp\/v2\/types\/product"}],"wp:featuredmedia":[{"embeddable":true,"href":"https:\/\/www.lasalumeria.ch\/fr\/wp-json\/wp\/v2\/media\/94"}],"wp:attachment":[{"href":"https:\/\/www.lasalumeria.ch\/fr\/wp-json\/wp\/v2\/media?parent=95"}],"wp:term":[{"taxonomy":"product_brand","embeddable":true,"href":"https:\/\/www.lasalumeria.ch\/fr\/wp-json\/wp\/v2\/product_brand?post=95"},{"taxonomy":"product_cat","embeddable":true,"href":"https:\/\/www.lasalumeria.ch\/fr\/wp-json\/wp\/v2\/product_cat?post=95"},{"taxonomy":"product_tag","embeddable":true,"href":"https:\/\/www.lasalumeria.ch\/fr\/wp-json\/wp\/v2\/product_tag?post=95"}],"curies":[{"name":"wp","href":"https:\/\/api.w.org\/{rel}","templated":true}]}}