{"id":99,"date":"2025-02-22T15:29:11","date_gmt":"2025-02-22T13:29:11","guid":{"rendered":"https:\/\/shop.grigliamo.ch\/?product=luganighe-2-pezzi-160gr"},"modified":"2025-05-10T21:17:25","modified_gmt":"2025-05-10T19:17:25","slug":"luganighe-2-pieces-160gr","status":"publish","type":"product","link":"https:\/\/www.lasalumeria.ch\/fr\/prodotto\/luganighe-2-pezzi-160gr\/","title":{"rendered":"LUGANIGHE - 2 pi\u00e8ces (320g)"},"content":{"rendered":"<div class=\"s_allow_columns o_container_small\">\n<p>Nous utilisons la viande obtenue \u00e0 partir de parures de bacon et d'\u00e9paules de porc.<\/p>\n<p>Avec le bon pourcentage de saindoux, les pi\u00e8ces sont par\u00e9es, sal\u00e9es et \u00e9pic\u00e9es sans ajout de colorant ni de conservateur.<\/p>\n<p>A bouillir, ou toujours parfait pour les barbecues entre amis.<\/p>\n<p>\u00c0 consommer apr\u00e8s la cuisson : il est recommand\u00e9 de ne pas percer le produit afin d'\u00e9viter que les ar\u00f4mes ne se lib\u00e8rent pendant la cuisson.<\/p>\n<p>Produit \u00e0 base de porc, \u00e0 consommer cuit, dans les 15 jours suivant la livraison.<\/p>\n<p>Conserver au r\u00e9frig\u00e9rateur \u00e0 une temp\u00e9rature maximale de 5\u00b0C.<\/p>\n<p>INGR\u00c9DIENTS : Porc (Suisse), lard, sel de cuisine, \u00e9pices, ar\u00f4me naturel.<br \/>\nEnveloppe : intestins de porc non comestibles.<\/p>\n<p>- Sans conservateurs ni additifs chimiques<br \/>\n- Sans colorant<br \/>\n- Sans gluten<br \/>\n- Sans lactose ni produits laitiers<br \/>\n- Sans polyphosphates ajout\u00e9s<\/p>\n<\/div>\n<p>&nbsp;<\/p>","protected":false},"excerpt":{"rendered":"<p>Nos LUGANIGHE : toujours savoureux et parfaits, bouillis ou sur le gril.<\/p>","protected":false},"featured_media":98,"template":"","meta":{"_et_pb_use_builder":"","_et_pb_old_content":"","_et_gb_content_width":""},"product_brand":[],"product_cat":[28],"product_tag":[],"class_list":{"0":"post-99","1":"product","2":"type-product","3":"status-publish","4":"has-post-thumbnail","6":"product_cat-pronti-per-la-cottura","8":"first","9":"onbackorder","10":"taxable","11":"shipping-taxable","12":"purchasable","13":"product-type-simple"},"_links":{"self":[{"href":"https:\/\/www.lasalumeria.ch\/fr\/wp-json\/wp\/v2\/product\/99","targetHints":{"allow":["GET"]}}],"collection":[{"href":"https:\/\/www.lasalumeria.ch\/fr\/wp-json\/wp\/v2\/product"}],"about":[{"href":"https:\/\/www.lasalumeria.ch\/fr\/wp-json\/wp\/v2\/types\/product"}],"wp:featuredmedia":[{"embeddable":true,"href":"https:\/\/www.lasalumeria.ch\/fr\/wp-json\/wp\/v2\/media\/98"}],"wp:attachment":[{"href":"https:\/\/www.lasalumeria.ch\/fr\/wp-json\/wp\/v2\/media?parent=99"}],"wp:term":[{"taxonomy":"product_brand","embeddable":true,"href":"https:\/\/www.lasalumeria.ch\/fr\/wp-json\/wp\/v2\/product_brand?post=99"},{"taxonomy":"product_cat","embeddable":true,"href":"https:\/\/www.lasalumeria.ch\/fr\/wp-json\/wp\/v2\/product_cat?post=99"},{"taxonomy":"product_tag","embeddable":true,"href":"https:\/\/www.lasalumeria.ch\/fr\/wp-json\/wp\/v2\/product_tag?post=99"}],"curies":[{"name":"wp","href":"https:\/\/api.w.org\/{rel}","templated":true}]}}